{"id":1030,"date":"2025-10-06T11:27:48","date_gmt":"2025-10-06T10:27:48","guid":{"rendered":"https:\/\/beta.guillet-tech.com\/?page_id=1030"},"modified":"2025-10-06T11:27:48","modified_gmt":"2025-10-06T10:27:48","slug":"notre-histoire","status":"publish","type":"page","link":"https:\/\/beta.guillet-tech.com\/en\/notre-histoire\/","title":{"rendered":"Our history"},"content":{"rendered":"<div class=\"wp-block-cover alignfull has-custom-content-position is-position-top-center\" style=\"margin-top:-10px;margin-bottom:-20px\"><span aria-hidden=\"true\" class=\"wp-block-cover__background has-accent-2-background-color has-background-dim-100 has-background-dim\"><\/span><div class=\"wp-block-cover__inner-container has-global-padding is-layout-constrained wp-container-core-cover-is-layout-657adaf0 wp-block-cover-is-layout-constrained\">\n<div class=\"wp-block-group alignwide has-global-padding is-layout-constrained wp-container-core-group-is-layout-55a0b918 wp-block-group-is-layout-constrained\">\n<div class=\"wp-block-group is-vertical is-layout-flex wp-container-core-group-is-layout-fe9cc265 wp-block-group-is-layout-flex\">\n<p class=\"has-contrast-color has-text-color has-link-color has-small-font-size wp-elements-6f5b29691120b801ddf9f3daaff5f807\" style=\"font-style:normal;font-weight:400;text-transform:uppercase\">Guillet technologies<\/p>\n\n\n\n<p class=\"has-text-align-left\" style=\"font-size:clamp(2.2rem, 2.2rem + ((1vw - 0.2rem) * 2.824), 4rem);font-style:normal;font-weight:400\">Our figures<\/p>\n<\/div>\n\n\n\n<p class=\"has-contrast-color has-text-color has-link-color wp-elements-a2716a50b4029cb4c6160d13fbc899e2\"><strong><mark style=\"background-color:rgba(0, 0, 0, 0)\" class=\"has-inline-color has-accent-1-color\">GUILLET TECHNOLOGIES<\/mark><\/strong> s\u2019est construit en agr\u00e9geant des soci\u00e9t\u00e9s aux savoir-faire reconnus, et aux expertises compl\u00e9mentaires.<\/p>\n\n\n\n<ul class=\"wp-block-list\">\n<li>1944\u00a0:\u00a0 Cr\u00e9ation de la soci\u00e9t\u00e9 de modelage industriel\u00a0<strong>GUILLET Fr\u00e8res<\/strong>\u00a0\u00e0 Montrouge (92).<\/li>\n\n\n\n<li>1968\u00a0: D\u00e9m\u00e9nagement de cette soci\u00e9t\u00e9 \u00e0 Arcueil (94).<\/li>\n\n\n\n<li>2001 : <strong>Atelier d\u2019Antony DESRIAC \/ ATAD<\/strong>, cr\u00e9\u00e9e en 1960 et <strong>Soci\u00e9t\u00e9 d\u2019\u00c9tudes et de R\u00e9alisations du Val de Marne \/ SERV<\/strong>\u00a0cr\u00e9\u00e9e en 1970, toutes deux\u00a0bas\u00e9es \u00e0 Antony (92) int\u00e8grent le groupe.<\/li>\n\n\n\n<li><strong>GUILLET Fr.<\/strong>\u00a0s\u2019installe sur le m\u00eame site.<\/li>\n\n\n\n<li>Mise en place d\u2019un atelier de tournage, fraisage, ajustage, m\u00e9cano soudure assemblage, t\u00f4lerie industrielle et contr\u00f4les.<\/li>\n\n\n\n<li>Janvier 2003\u00a0: Reprise de la <strong>Fonderie GINET s. a.<\/strong>, cr\u00e9\u00e9e en 1950 qui devient\u00a0<strong>GINET Fonderie s.a.s.<\/strong><\/li>\n\n\n\n<li><strong>Septembre 2003<\/strong>\u00a0: Certification des quatre entreprises du groupe \u00e0 la norme <strong>ISO 9001<\/strong> version 2000.<\/li>\n\n\n\n<li>2005 : Le Groupe compos\u00e9 de ces quatre soci\u00e9t\u00e9s, prend le nom de\u00a0<strong><mark style=\"background-color:rgba(0, 0, 0, 0)\" class=\"has-inline-color has-accent-1-color\">GUILLET TECHNOLOGIES<\/mark><\/strong>.<\/li>\n\n\n\n<li>Juillet 2006\u00a0:\u00a0<strong>PERIMECA<\/strong>\u00a0bas\u00e9e \u00e0 Fontenay le Vicomte (91), cr\u00e9\u00e9e en 2003,sp\u00e9cialis\u00e9e dans la cr\u00e9ation de montages de contr\u00f4les et de posage d\u2019usinage et\u00a0dans l\u2019usinage de pi\u00e8ces de fonderie en moyennes s\u00e9ries, int\u00e8gre le groupe.<\/li>\n\n\n\n<li><strong><mark style=\"background-color:rgba(0, 0, 0, 0)\" class=\"has-inline-color has-accent-1-color\">Janvier 2008<\/mark><\/strong>\u00a0: Renouvellement de la certification ISO 9001 et\u00a0<a href=\"https:\/\/guillet-tech.com\/fr\/nos-certifications\"><em><mark style=\"background-color:rgba(0, 0, 0, 0)\" class=\"has-inline-color has-contrast-color\">certification<\/mark><\/em><\/a>\u00a0du <strong><mark style=\"background-color:rgba(0, 0, 0, 0)\" class=\"has-inline-color has-accent-1-color\">groupe\u00a0GUILLET Technologies<\/mark><\/strong>\u00a0\u00e0 la norme <strong><mark style=\"background-color:rgba(0, 0, 0, 0)\" class=\"has-inline-color has-accent-1-color\">EN 9100<\/mark><\/strong> version 2003.<\/li>\n\n\n\n<li>Mars 2010 :\u00a0<strong>PERIMECA<\/strong>\u00a0int\u00e8gre de nouveaux locaux, plus spacieux, \u00e0 Grigny (91).<\/li>\n\n\n\n<li>Juillet 2011 : Mise en conformit\u00e9 avec la nouvelle version de la norme EN 9100 version 2009.<\/li>\n\n\n\n<li>D\u00e9cembre 2011 : Mise en place d\u2019un nouveau centre d\u2019usinage 5 axes sur le site de\u00a0<strong>PERIMECA<\/strong>.<\/li>\n\n\n\n<li>Mai 2012 : Mise en place du d\u00e9tourage laser et de l\u2019\u00e9lectro\u00e9rosion sur le site de\u00a0<strong>GUILLET TECHNOLOGIES<\/strong>.<\/li>\n\n\n\n<li>Septembre 2012 : Mise en place d\u2019une nouvelle machine d\u2019essais m\u00e9caniques avec extensom\u00e8tre int\u00e9gr\u00e9 sur le site de\u00a0<strong>GINET Fonderie<\/strong>.<\/li>\n\n\n\n<li>Novembre 2012\u00a0: Mise en place d\u2019un 2<sup>\u00e8me<\/sup>\u00a05 axes neuf sur le site de\u00a0<strong>PERIMECA<\/strong>.<\/li>\n\n\n\n<li>D\u00e9cembre 2012 :\u00a0Reprise de\u00a0<strong>SAS MOULIN<\/strong>\u00a0cr\u00e9\u00e9e en 1946 et bas\u00e9e sur le site de Saint Ouen l\u2019Aum\u00f4ne (95).<\/li>\n\n\n\n<li>Mars 2013 : D\u00e9m\u00e9nagement de\u00a0<strong>GINET Fonderie<\/strong>\u00a0sur le m\u00eame site que <strong>SAS MOULIN<\/strong>.<\/li>\n\n\n\n<li>2015 : Acquisition de <strong>ATMS<\/strong>\u00a0 t\u00f4lerie de pr\u00e9cision \u2013 Consolidation du p\u00f4le t\u00f4lerie. Segmentation des sites par m\u00e9tier.<\/li>\n\n\n\n<li>2017 : Acquisition de\u00a0 <strong>TROCHET AMGGC<\/strong> \u2013 D\u00e9veloppement du p\u00f4le usinage a\u00e9ro, int\u00e9gration de centres robotis\u00e9s.<\/li>\n\n\n\n<li>2020 : <em>Stop COVID<\/em><\/li>\n\n\n\n<li>Premier Janvier 2023 : Toutes les soci\u00e9t\u00e9s du Groupe sont regroup\u00e9es en une seule : <strong><mark style=\"background-color:rgba(0, 0, 0, 0)\" class=\"has-inline-color has-accent-1-color\">GUILLET Technologies S.A.S<\/mark>.<\/strong><\/li>\n\n\n\n<li>2023 : Acquisition de la soci\u00e9t\u00e9 <strong>CERPI<\/strong> sp\u00e9cialis\u00e9e dans l\u2019usinage de grandes dimensions \u2013 Rationalisation de notre offre commerciale par produit et par m\u00e9tier.<\/li>\n\n\n\n<li>5 septembre 2024 : ce site acquis en 2023 re\u00e7oit son certificat EN 9100:2018 suite \u00e0 l\u2019audit de renouvellement avec extension \u00e0 ce nouveau site qui s\u2019est d\u00e9roul\u00e9 en juin. Il est r\u00e9ellement le p\u00f4le Pi\u00e8ces Avionnables de <strong><mark style=\"background-color:rgba(0, 0, 0, 0)\" class=\"has-inline-color has-accent-1-color\">GUILLET TECHNOLOGIES<\/mark><\/strong>.<\/li>\n\n\n\n<li>2025-2026:\u00a0 Nous avons la volont\u00e9 de continuer notre d\u00e9veloppement vers de nouveaux produits et m\u00e9tiers compl\u00e9mentaires, afin de proposer \u00e0 nos clients une offre de plus en plus compl\u00e8te : <strong><mark style=\"background-color:rgba(0, 0, 0, 0)\" class=\"has-inline-color has-accent-1-color\">UNE SOLUTION GLOBALE<\/mark><\/strong>.<\/li>\n<\/ul>\n<\/div>\n<\/div><\/div>","protected":false},"excerpt":{"rendered":"","protected":false},"author":2,"featured_media":0,"parent":0,"menu_order":0,"comment_status":"closed","ping_status":"closed","template":"","meta":{"footnotes":""},"class_list":["post-1030","page","type-page","status-publish","hentry"],"_links":{"self":[{"href":"https:\/\/beta.guillet-tech.com\/en\/wp-json\/wp\/v2\/pages\/1030","targetHints":{"allow":["GET"]}}],"collection":[{"href":"https:\/\/beta.guillet-tech.com\/en\/wp-json\/wp\/v2\/pages"}],"about":[{"href":"https:\/\/beta.guillet-tech.com\/en\/wp-json\/wp\/v2\/types\/page"}],"author":[{"embeddable":true,"href":"https:\/\/beta.guillet-tech.com\/en\/wp-json\/wp\/v2\/users\/2"}],"replies":[{"embeddable":true,"href":"https:\/\/beta.guillet-tech.com\/en\/wp-json\/wp\/v2\/comments?post=1030"}],"version-history":[{"count":7,"href":"https:\/\/beta.guillet-tech.com\/en\/wp-json\/wp\/v2\/pages\/1030\/revisions"}],"predecessor-version":[{"id":1037,"href":"https:\/\/beta.guillet-tech.com\/en\/wp-json\/wp\/v2\/pages\/1030\/revisions\/1037"}],"wp:attachment":[{"href":"https:\/\/beta.guillet-tech.com\/en\/wp-json\/wp\/v2\/media?parent=1030"}],"curies":[{"name":"wp","href":"https:\/\/api.w.org\/{rel}","templated":true}]}}