{"id":906,"date":"2025-09-29T18:29:43","date_gmt":"2025-09-29T17:29:43","guid":{"rendered":"https:\/\/beta.guillet-tech.com\/?page_id=906"},"modified":"2025-10-06T15:21:51","modified_gmt":"2025-10-06T14:21:51","slug":"acces","status":"publish","type":"page","link":"https:\/\/beta.guillet-tech.com\/en\/acces\/","title":{"rendered":"Access"},"content":{"rendered":"<div class=\"wp-block-cover alignfull has-custom-content-position is-position-top-center\" style=\"margin-top:-10px;margin-bottom:-40px\"><span aria-hidden=\"true\" class=\"wp-block-cover__background has-accent-2-background-color has-background-dim-100 has-background-dim\"><\/span><div class=\"wp-block-cover__inner-container has-global-padding is-layout-constrained wp-container-core-cover-is-layout-eea72d32 wp-block-cover-is-layout-constrained\">\n<p class=\"has-text-align-left\" style=\"margin-bottom:var(--wp--preset--spacing--40);font-size:clamp(2.2rem, 2.2rem + ((1vw - 0.2rem) * 2.824), 4rem);font-style:normal;font-weight:400\">Access<\/p>\n\n\n\n<div class=\"wp-block-columns is-layout-flex wp-container-core-columns-is-layout-aa016f2c wp-block-columns-is-layout-flex\" style=\"padding-bottom:var(--wp--preset--spacing--50)\">\n<div class=\"wp-block-column is-layout-flow wp-block-column-is-layout-flow\" style=\"font-size:0.8rem\">\n<div class=\"wp-block-group is-vertical is-layout-flex wp-container-core-group-is-layout-fe9cc265 wp-block-group-is-layout-flex\">\n<div class=\"wp-block-group is-content-justification-left is-nowrap is-layout-flex wp-container-core-group-is-layout-a1ed96d5 wp-block-group-is-layout-flex\">\n<figure class=\"wp-block-image size-large is-resized wp-duotone-fd8745-ffffff33-1\"><img decoding=\"async\" width=\"24\" height=\"24\" data-src=\"https:\/\/beta.guillet-tech.com\/wp-content\/uploads\/2025\/09\/map-pin.svg\" alt=\"\" class=\"wp-image-908 lazyload\" style=\"--smush-placeholder-width: 24px; --smush-placeholder-aspect-ratio: 24\/24;width:22px\" src=\"data:image\/svg+xml;base64,PHN2ZyB3aWR0aD0iMSIgaGVpZ2h0PSIxIiB4bWxucz0iaHR0cDovL3d3dy53My5vcmcvMjAwMC9zdmciPjwvc3ZnPg==\" \/><\/figure>\n\n\n\n<div class=\"wp-block-group is-vertical is-layout-flex wp-container-core-group-is-layout-4b827052 wp-block-group-is-layout-flex\">\n<p class=\"has-accent-1-color has-text-color has-link-color wp-elements-41f66a3e649c8f389e73716524faf461\" style=\"font-size:0.7rem;font-style:normal;font-weight:400;text-transform:uppercase\">Maintenance and Support Equipment Division<\/p>\n\n\n\n<p>6 rue Diderot<br>Zone d&rsquo;Activit\u00e9s des Radars<br>91350 Grigny<\/p>\n<\/div>\n<\/div>\n\n\n\n<div class=\"wp-block-group is-content-justification-left is-nowrap is-layout-flex wp-container-core-group-is-layout-a1ed96d5 wp-block-group-is-layout-flex\">\n<figure class=\"wp-block-image size-large is-resized wp-duotone-fd8745-ffffff33-2\"><img decoding=\"async\" width=\"24\" height=\"24\" data-src=\"https:\/\/beta.guillet-tech.com\/wp-content\/uploads\/2025\/09\/phone.svg\" alt=\"\" class=\"wp-image-913 lazyload\" style=\"--smush-placeholder-width: 24px; --smush-placeholder-aspect-ratio: 24\/24;width:22px\" src=\"data:image\/svg+xml;base64,PHN2ZyB3aWR0aD0iMSIgaGVpZ2h0PSIxIiB4bWxucz0iaHR0cDovL3d3dy53My5vcmcvMjAwMC9zdmciPjwvc3ZnPg==\" \/><\/figure>\n\n\n\n<div class=\"wp-block-group is-vertical is-layout-flex wp-container-core-group-is-layout-4b827052 wp-block-group-is-layout-flex\">\n<p class=\"has-accent-1-color has-text-color has-link-color wp-elements-1fb3a402d27183096b45dad6596d970b\" style=\"font-size:0.7rem;font-style:normal;font-weight:400;text-transform:uppercase\">Contact<\/p>\n\n\n\n<p>T\u00e9l\u00e9phone : +33 (0)1 69 06 64 20<\/p>\n<\/div>\n<\/div>\n\n\n\n<div class=\"wp-block-group is-content-justification-left is-nowrap is-layout-flex wp-container-core-group-is-layout-a1ed96d5 wp-block-group-is-layout-flex\">\n<figure class=\"wp-block-image size-large is-resized wp-duotone-fd8745-ffffff33-3\"><img decoding=\"async\" width=\"24\" height=\"24\" data-src=\"https:\/\/beta.guillet-tech.com\/wp-content\/uploads\/2025\/09\/mail.svg\" alt=\"\" class=\"wp-image-912 lazyload\" style=\"--smush-placeholder-width: 24px; --smush-placeholder-aspect-ratio: 24\/24;width:22px;height:auto\" src=\"data:image\/svg+xml;base64,PHN2ZyB3aWR0aD0iMSIgaGVpZ2h0PSIxIiB4bWxucz0iaHR0cDovL3d3dy53My5vcmcvMjAwMC9zdmciPjwvc3ZnPg==\" \/><\/figure>\n\n\n\n<div class=\"wp-block-group is-vertical is-layout-flex wp-container-core-group-is-layout-4b827052 wp-block-group-is-layout-flex\">\n<p class=\"has-accent-1-color has-text-color has-link-color wp-elements-c042e1d79415e4e86acba9fb1b198252\" style=\"font-size:0.7rem;font-style:normal;font-weight:400;text-transform:uppercase\">E-mail<\/p>\n\n\n\n<p>contact@guillet-tech.com<\/p>\n<\/div>\n<\/div>\n\n\n\n<figure class=\"wp-block-image size-full is-resized has-custom-border\"><img decoding=\"async\" width=\"424\" height=\"238\" data-src=\"https:\/\/beta.guillet-tech.com\/wp-content\/uploads\/2025\/09\/Mask-group-1.png\" alt=\"\" class=\"wp-image-570 lazyload\" style=\"--smush-placeholder-width: 424px; --smush-placeholder-aspect-ratio: 424\/238;border-radius:18px;width:300px\" data-srcset=\"https:\/\/beta.guillet-tech.com\/wp-content\/uploads\/2025\/09\/Mask-group-1.png 424w, https:\/\/beta.guillet-tech.com\/wp-content\/uploads\/2025\/09\/Mask-group-1-300x168.png 300w\" data-sizes=\"(max-width: 424px) 100vw, 424px\" src=\"data:image\/svg+xml;base64,PHN2ZyB3aWR0aD0iMSIgaGVpZ2h0PSIxIiB4bWxucz0iaHR0cDovL3d3dy53My5vcmcvMjAwMC9zdmciPjwvc3ZnPg==\" \/><\/figure>\n\n\n\n<p>From Paris gare de Lyon by RER ligne D : Grigny Centre 30\u2019<br>From intramural Paris by car : environ 40\u2019<br>From Orly Airport : 20\u2019<\/p>\n<\/div>\n<\/div>\n\n\n\n<div class=\"wp-block-column is-layout-flow wp-block-column-is-layout-flow\">\n<div class=\"wp-block-group is-vertical is-layout-flex wp-container-core-group-is-layout-fe9cc265 wp-block-group-is-layout-flex\" style=\"font-size:0.8rem\">\n<div class=\"wp-block-group is-content-justification-left is-nowrap is-layout-flex wp-container-core-group-is-layout-a1ed96d5 wp-block-group-is-layout-flex\">\n<figure class=\"wp-block-image size-large is-resized wp-duotone-fd8745-ffffff33-4\"><img decoding=\"async\" width=\"24\" height=\"24\" data-src=\"https:\/\/beta.guillet-tech.com\/wp-content\/uploads\/2025\/09\/map-pin.svg\" alt=\"\" class=\"wp-image-908 lazyload\" style=\"--smush-placeholder-width: 24px; --smush-placeholder-aspect-ratio: 24\/24;width:22px\" src=\"data:image\/svg+xml;base64,PHN2ZyB3aWR0aD0iMSIgaGVpZ2h0PSIxIiB4bWxucz0iaHR0cDovL3d3dy53My5vcmcvMjAwMC9zdmciPjwvc3ZnPg==\" \/><\/figure>\n\n\n\n<div class=\"wp-block-group is-vertical is-layout-flex wp-container-core-group-is-layout-4b827052 wp-block-group-is-layout-flex\">\n<p class=\"has-accent-1-color has-text-color has-link-color wp-elements-c0bbca02e3833c8fabef7812eb829ece\" style=\"font-size:0.7rem;font-style:normal;font-weight:400;text-transform:uppercase\">Foundry Division<\/p>\n\n\n\n<p>6 avenue de l\u2019Eguillette<br>Parc d\u2019Activit\u00e9s du Vert Galant<br>95310 Saint Ouen l\u2019Aum\u00f4ne<\/p>\n<\/div>\n<\/div>\n\n\n\n<div class=\"wp-block-group is-content-justification-left is-nowrap is-layout-flex wp-container-core-group-is-layout-a1ed96d5 wp-block-group-is-layout-flex\">\n<figure class=\"wp-block-image size-large is-resized wp-duotone-fd8745-ffffff33-5\"><img decoding=\"async\" width=\"24\" height=\"24\" data-src=\"https:\/\/beta.guillet-tech.com\/wp-content\/uploads\/2025\/09\/phone.svg\" alt=\"\" class=\"wp-image-913 lazyload\" style=\"--smush-placeholder-width: 24px; --smush-placeholder-aspect-ratio: 24\/24;width:22px\" src=\"data:image\/svg+xml;base64,PHN2ZyB3aWR0aD0iMSIgaGVpZ2h0PSIxIiB4bWxucz0iaHR0cDovL3d3dy53My5vcmcvMjAwMC9zdmciPjwvc3ZnPg==\" \/><\/figure>\n\n\n\n<div class=\"wp-block-group is-vertical is-layout-flex wp-container-core-group-is-layout-4b827052 wp-block-group-is-layout-flex\">\n<p class=\"has-accent-1-color has-text-color has-link-color wp-elements-1fb3a402d27183096b45dad6596d970b\" style=\"font-size:0.7rem;font-style:normal;font-weight:400;text-transform:uppercase\">Contact<\/p>\n\n\n\n<p>T\u00e9l\u00e9phone : +33 (0)1 34 40 35 00<\/p>\n<\/div>\n<\/div>\n\n\n\n<div class=\"wp-block-group is-content-justification-left is-nowrap is-layout-flex wp-container-core-group-is-layout-a1ed96d5 wp-block-group-is-layout-flex\">\n<figure class=\"wp-block-image size-large is-resized wp-duotone-fd8745-ffffff33-6\"><img decoding=\"async\" width=\"24\" height=\"24\" data-src=\"https:\/\/beta.guillet-tech.com\/wp-content\/uploads\/2025\/09\/mail.svg\" alt=\"\" class=\"wp-image-912 lazyload\" style=\"--smush-placeholder-width: 24px; --smush-placeholder-aspect-ratio: 24\/24;width:22px\" src=\"data:image\/svg+xml;base64,PHN2ZyB3aWR0aD0iMSIgaGVpZ2h0PSIxIiB4bWxucz0iaHR0cDovL3d3dy53My5vcmcvMjAwMC9zdmciPjwvc3ZnPg==\" \/><\/figure>\n\n\n\n<div class=\"wp-block-group is-vertical is-layout-flex wp-container-core-group-is-layout-4b827052 wp-block-group-is-layout-flex\">\n<p class=\"has-accent-1-color has-text-color has-link-color wp-elements-c042e1d79415e4e86acba9fb1b198252\" style=\"font-size:0.7rem;font-style:normal;font-weight:400;text-transform:uppercase\">E-mail<\/p>\n\n\n\n<p>contact@guillet-tech.com<\/p>\n<\/div>\n<\/div>\n\n\n\n<figure class=\"wp-block-image size-full is-resized has-custom-border\"><img decoding=\"async\" width=\"424\" height=\"238\" data-src=\"https:\/\/beta.guillet-tech.com\/wp-content\/uploads\/2025\/09\/Mask-group-1-1.png\" alt=\"\" class=\"wp-image-571 lazyload\" style=\"--smush-placeholder-width: 424px; --smush-placeholder-aspect-ratio: 424\/238;border-radius:18px;width:300px\" data-srcset=\"https:\/\/beta.guillet-tech.com\/wp-content\/uploads\/2025\/09\/Mask-group-1-1.png 424w, https:\/\/beta.guillet-tech.com\/wp-content\/uploads\/2025\/09\/Mask-group-1-1-300x168.png 300w\" data-sizes=\"(max-width: 424px) 100vw, 424px\" src=\"data:image\/svg+xml;base64,PHN2ZyB3aWR0aD0iMSIgaGVpZ2h0PSIxIiB4bWxucz0iaHR0cDovL3d3dy53My5vcmcvMjAwMC9zdmciPjwvc3ZnPg==\" \/><\/figure>\n\n\n\n<p>From Paris by RER ligne C : Cergy Pr\u00e9fecture 45\u2019<br>From Paris Saint Lazare SNCF, lignes H &amp; J : Saint Ouen l\u2019Aum\u00f4ne 40\u2019<br>From intramuros Paris by car : 30\u2019 \u00e0 45\u2019<br>From Roissy Charles de Gaulle Airport : 30\u2019<\/p>\n<\/div>\n<\/div>\n<\/div>\n\n\n\n<div class=\"wp-block-columns is-layout-flex wp-container-core-columns-is-layout-28f84493 wp-block-columns-is-layout-flex\">\n<div class=\"wp-block-column is-layout-flow wp-block-column-is-layout-flow\" style=\"font-size:0.8rem\">\n<div class=\"wp-block-group is-vertical is-layout-flex wp-container-core-group-is-layout-fe9cc265 wp-block-group-is-layout-flex\">\n<div class=\"wp-block-group is-content-justification-left is-nowrap is-layout-flex wp-container-core-group-is-layout-a1ed96d5 wp-block-group-is-layout-flex\">\n<figure class=\"wp-block-image size-large is-resized wp-duotone-fd8745-ffffff33-7\"><img decoding=\"async\" width=\"24\" height=\"24\" data-src=\"https:\/\/beta.guillet-tech.com\/wp-content\/uploads\/2025\/09\/map-pin.svg\" alt=\"\" class=\"wp-image-908 lazyload\" style=\"--smush-placeholder-width: 24px; --smush-placeholder-aspect-ratio: 24\/24;width:22px\" src=\"data:image\/svg+xml;base64,PHN2ZyB3aWR0aD0iMSIgaGVpZ2h0PSIxIiB4bWxucz0iaHR0cDovL3d3dy53My5vcmcvMjAwMC9zdmciPjwvc3ZnPg==\" \/><\/figure>\n\n\n\n<div class=\"wp-block-group is-vertical is-layout-flex wp-container-core-group-is-layout-4b827052 wp-block-group-is-layout-flex\">\n<p class=\"has-accent-1-color has-text-color has-link-color wp-elements-a0c25b07822215a4450af7a82d5c34f7\" style=\"font-size:0.7rem;font-style:normal;font-weight:400;text-transform:uppercase\">Aircraft Parts Division<\/p>\n\n\n\n<p>3, rue du Rapporteur<br>Parc d&rsquo;Activit\u00e9s des B\u00e9thunes<br>95310 Saint Ouen l&rsquo;Aum\u00f4ne<\/p>\n<\/div>\n<\/div>\n\n\n\n<div class=\"wp-block-group is-content-justification-left is-nowrap is-layout-flex wp-container-core-group-is-layout-a1ed96d5 wp-block-group-is-layout-flex\">\n<figure class=\"wp-block-image size-large is-resized wp-duotone-fd8745-ffffff33-8\"><img decoding=\"async\" width=\"24\" height=\"24\" data-src=\"https:\/\/beta.guillet-tech.com\/wp-content\/uploads\/2025\/09\/phone.svg\" alt=\"\" class=\"wp-image-913 lazyload\" style=\"--smush-placeholder-width: 24px; --smush-placeholder-aspect-ratio: 24\/24;width:22px\" src=\"data:image\/svg+xml;base64,PHN2ZyB3aWR0aD0iMSIgaGVpZ2h0PSIxIiB4bWxucz0iaHR0cDovL3d3dy53My5vcmcvMjAwMC9zdmciPjwvc3ZnPg==\" \/><\/figure>\n\n\n\n<div class=\"wp-block-group is-vertical is-layout-flex wp-container-core-group-is-layout-4b827052 wp-block-group-is-layout-flex\">\n<p class=\"has-accent-1-color has-text-color has-link-color wp-elements-1fb3a402d27183096b45dad6596d970b\" style=\"font-size:0.7rem;font-style:normal;font-weight:400;text-transform:uppercase\">Contact<\/p>\n\n\n\n<p>T\u00e9l\u00e9phone : +33(0) 1 34 48 94 94<\/p>\n<\/div>\n<\/div>\n\n\n\n<div class=\"wp-block-group is-content-justification-left is-nowrap is-layout-flex wp-container-core-group-is-layout-a1ed96d5 wp-block-group-is-layout-flex\">\n<figure class=\"wp-block-image size-large is-resized wp-duotone-fd8745-ffffff33-9\"><img decoding=\"async\" width=\"24\" height=\"24\" data-src=\"https:\/\/beta.guillet-tech.com\/wp-content\/uploads\/2025\/09\/mail.svg\" alt=\"\" class=\"wp-image-912 lazyload\" style=\"--smush-placeholder-width: 24px; --smush-placeholder-aspect-ratio: 24\/24;width:22px\" src=\"data:image\/svg+xml;base64,PHN2ZyB3aWR0aD0iMSIgaGVpZ2h0PSIxIiB4bWxucz0iaHR0cDovL3d3dy53My5vcmcvMjAwMC9zdmciPjwvc3ZnPg==\" \/><\/figure>\n\n\n\n<div class=\"wp-block-group is-vertical is-layout-flex wp-container-core-group-is-layout-4b827052 wp-block-group-is-layout-flex\">\n<p class=\"has-accent-1-color has-text-color has-link-color wp-elements-c042e1d79415e4e86acba9fb1b198252\" style=\"font-size:0.7rem;font-style:normal;font-weight:400;text-transform:uppercase\">E-mail<\/p>\n\n\n\n<p>contact@guillet-tech.com<\/p>\n<\/div>\n<\/div>\n\n\n\n<figure class=\"wp-block-image size-full is-resized has-custom-border\"><img decoding=\"async\" width=\"704\" height=\"393\" data-src=\"https:\/\/beta.guillet-tech.com\/wp-content\/uploads\/2025\/09\/Cerpi.png\" alt=\"\" class=\"wp-image-543 lazyload\" style=\"--smush-placeholder-width: 704px; --smush-placeholder-aspect-ratio: 704\/393;border-radius:18px;width:300px\" data-srcset=\"https:\/\/beta.guillet-tech.com\/wp-content\/uploads\/2025\/09\/Cerpi.png 704w, https:\/\/beta.guillet-tech.com\/wp-content\/uploads\/2025\/09\/Cerpi-300x167.png 300w\" data-sizes=\"(max-width: 704px) 100vw, 704px\" src=\"data:image\/svg+xml;base64,PHN2ZyB3aWR0aD0iMSIgaGVpZ2h0PSIxIiB4bWxucz0iaHR0cDovL3d3dy53My5vcmcvMjAwMC9zdmciPjwvc3ZnPg==\" \/><\/figure>\n\n\n\n<p>From Paris by RER ligne C : Cergy Pr\u00e9fecture 45\u2019<br>From Paris Saint Lazare SNCF, lignes H &amp; J : Saint Ouen l\u2019Aum\u00f4ne 40\u2019<br>From intramuros Paris by car : 30\u2019 \u00e0 45\u2019<br>From Roissy Charles de Gaulle Airport : 30\u2019<\/p>\n<\/div>\n<\/div>\n\n\n\n<div class=\"wp-block-column is-layout-flow wp-block-column-is-layout-flow\"><\/div>\n<\/div>\n<\/div><\/div>","protected":false},"excerpt":{"rendered":"","protected":false},"author":2,"featured_media":0,"parent":0,"menu_order":0,"comment_status":"closed","ping_status":"closed","template":"","meta":{"footnotes":""},"class_list":["post-906","page","type-page","status-publish","hentry"],"_links":{"self":[{"href":"https:\/\/beta.guillet-tech.com\/en\/wp-json\/wp\/v2\/pages\/906","targetHints":{"allow":["GET"]}}],"collection":[{"href":"https:\/\/beta.guillet-tech.com\/en\/wp-json\/wp\/v2\/pages"}],"about":[{"href":"https:\/\/beta.guillet-tech.com\/en\/wp-json\/wp\/v2\/types\/page"}],"author":[{"embeddable":true,"href":"https:\/\/beta.guillet-tech.com\/en\/wp-json\/wp\/v2\/users\/2"}],"replies":[{"embeddable":true,"href":"https:\/\/beta.guillet-tech.com\/en\/wp-json\/wp\/v2\/comments?post=906"}],"version-history":[{"count":12,"href":"https:\/\/beta.guillet-tech.com\/en\/wp-json\/wp\/v2\/pages\/906\/revisions"}],"predecessor-version":[{"id":1053,"href":"https:\/\/beta.guillet-tech.com\/en\/wp-json\/wp\/v2\/pages\/906\/revisions\/1053"}],"wp:attachment":[{"href":"https:\/\/beta.guillet-tech.com\/en\/wp-json\/wp\/v2\/media?parent=906"}],"curies":[{"name":"wp","href":"https:\/\/api.w.org\/{rel}","templated":true}]}}